{"id":123,"date":"2026-04-02T15:12:11","date_gmt":"2026-04-02T13:12:11","guid":{"rendered":"https:\/\/mspp.fresnel.fr\/?page_id=123"},"modified":"2026-04-02T16:50:50","modified_gmt":"2026-04-02T14:50:50","slug":"modalites","status":"publish","type":"page","link":"https:\/\/mspp.fresnel.fr\/index.php\/modalites\/","title":{"rendered":"Modalit\u00e9s enseignement"},"content":{"rendered":"\n<p><\/p>\n\n\n\n<ul class=\"wp-block-list\">\n<li><strong>Langue d\u2019enseignement<\/strong><\/li>\n<\/ul>\n\n\n\n<p>La formation est dispens\u00e9e principalement en langue fran\u00e7aise. Toutefois, certaines interventions (notamment certains s\u00e9minaires) pourront s\u2019effectuer en langue anglaise \u00e0 la discr\u00e9tion des enseignants.<\/p>\n\n\n\n<ul class=\"wp-block-list\">\n<li><strong>Modalit\u00e9s pratiques d\u2019enseignement<\/strong><\/li>\n<\/ul>\n\n\n\n<p>Les enseignements du Master des Syst\u00e8mes et Ph\u00e9nom\u00e8nes Physiques (MSPP) reposent sur un dispositif p\u00e9dagogique hybride innovant, combinant des enseignements \u00e0 distance assur\u00e9s par les enseignants d\u2019Aix-Marseille Universit\u00e9 et des enseignements en pr\u00e9sentiel dispens\u00e9s par les enseignants de l\u2019UCAD sur le site de Dakar.<br>Ce dispositif est compl\u00e9t\u00e9 par des travaux pratiques r\u00e9alis\u00e9s sur des plateformes num\u00e9riques collaboratives, permettant aux \u00e9tudiants de d\u00e9velopper des comp\u00e9tences exp\u00e9rimentales et num\u00e9riques dans un environnement partag\u00e9 et interactif.<br>Par ailleurs, dans le cadre de mobilit\u00e9s de personnels enseignants, certains enseignements d\u2019Aix-Marseille Universit\u00e9 ainsi que des s\u00e9minaires scientifiques sont organis\u00e9s en pr\u00e9sentiel dans les locaux de l\u2019UCAD, renfor\u00e7ant les \u00e9changes acad\u00e9miques et la dynamique de coop\u00e9ration entre les deux \u00e9tablissements.<\/p>\n\n\n\n<ul class=\"wp-block-list\">\n<li><strong>Modalit\u00e9s de contr\u00f4le des connaissances et composition des jurys<\/strong><\/li>\n<\/ul>\n\n\n\n<p>Les jurys des semestres 1 \u00e0 4 ainsi que les jurys d\u2019ann\u00e9e 1 et 2 seront constitu\u00e9s d&rsquo;enseignants des deux universit\u00e9s impliqu\u00e9es (AMU et UCAD) ayant particip\u00e9 aux semestres ou ann\u00e9es correspondants. Le pr\u00e9sident et le vice-pr\u00e9sident du jury sont issus des deux universit\u00e9s impliqu\u00e9es.<\/p>\n\n\n\n<p><\/p>\n","protected":false},"excerpt":{"rendered":"<p>La formation est dispens\u00e9e principalement en langue fran\u00e7aise. Toutefois, certaines interventions (notamment certains s\u00e9minaires) pourront s\u2019effectuer en langue anglaise \u00e0 la discr\u00e9tion des enseignants. Les enseignements du Master des Syst\u00e8mes et Ph\u00e9nom\u00e8nes Physiques (MSPP) reposent sur un dispositif p\u00e9dagogique hybride innovant, combinant des enseignements \u00e0 distance assur\u00e9s par les enseignants d\u2019Aix-Marseille Universit\u00e9 et des enseignements [&hellip;]<\/p>\n","protected":false},"author":4,"featured_media":0,"parent":0,"menu_order":0,"comment_status":"closed","ping_status":"closed","template":"","meta":{"footnotes":""},"class_list":["post-123","page","type-page","status-publish","hentry"],"_links":{"self":[{"href":"https:\/\/mspp.fresnel.fr\/index.php\/wp-json\/wp\/v2\/pages\/123","targetHints":{"allow":["GET"]}}],"collection":[{"href":"https:\/\/mspp.fresnel.fr\/index.php\/wp-json\/wp\/v2\/pages"}],"about":[{"href":"https:\/\/mspp.fresnel.fr\/index.php\/wp-json\/wp\/v2\/types\/page"}],"author":[{"embeddable":true,"href":"https:\/\/mspp.fresnel.fr\/index.php\/wp-json\/wp\/v2\/users\/4"}],"replies":[{"embeddable":true,"href":"https:\/\/mspp.fresnel.fr\/index.php\/wp-json\/wp\/v2\/comments?post=123"}],"version-history":[{"count":3,"href":"https:\/\/mspp.fresnel.fr\/index.php\/wp-json\/wp\/v2\/pages\/123\/revisions"}],"predecessor-version":[{"id":149,"href":"https:\/\/mspp.fresnel.fr\/index.php\/wp-json\/wp\/v2\/pages\/123\/revisions\/149"}],"wp:attachment":[{"href":"https:\/\/mspp.fresnel.fr\/index.php\/wp-json\/wp\/v2\/media?parent=123"}],"curies":[{"name":"wp","href":"https:\/\/api.w.org\/{rel}","templated":true}]}}