{"id":125,"date":"2026-04-02T15:12:39","date_gmt":"2026-04-02T13:12:39","guid":{"rendered":"https:\/\/mspp.fresnel.fr\/?page_id=125"},"modified":"2026-04-02T16:54:22","modified_gmt":"2026-04-02T14:54:22","slug":"selection","status":"publish","type":"page","link":"https:\/\/mspp.fresnel.fr\/index.php\/selection\/","title":{"rendered":"Processus de s\u00e9lection"},"content":{"rendered":"\n<h2 class=\"wp-block-heading\">Qui peut postuler ?<\/h2>\n\n\n\n<ul class=\"wp-block-list\">\n<li><strong>Admission en M1<\/strong><\/li>\n<\/ul>\n\n\n\n<p>Les \u00e9tudiants ayant les dipl\u00f4mes suivants sont pris de droit en M1<br>(\u00c9preuve d\u2019admission sur dossier en cas de d\u00e9passement de la capacit\u00e9 d\u2019accueil.)<br>o Licence Informatique<br>o Licence de Physique<br>o Licence de Chimie<\/p>\n\n\n\n<ul class=\"wp-block-list\">\n<li><strong>Admission en M2<\/strong><\/li>\n<\/ul>\n\n\n\n<p>o Admission de droit en M2 pour les \u00e9tudiants titulaires du M1 de la mention.<br>o Admission sur dossier en M2 pour les \u00e9tudiants titulaires d\u2019une ann\u00e9e M1 d\u2019une autre formation (admise en \u00e9quivalence).<\/p>\n\n\n\n<p>L\u2019admission au Master des Syst\u00e8mes et Ph\u00e9nom\u00e8nes Physiques (MSPP) s\u2019effectue selon un processus de s\u00e9lection en deux \u00e9tapes.<br>Les candidatures sont d\u2019abord examin\u00e9es sur la base d\u2019un dossier acad\u00e9mique, permettant d\u2019\u00e9valuer le parcours, les acquis scientifiques et la motivation du candidat.<br>Chaque dossier de candidature comprendra un curriculum vitae, une lettre de motivation, une copie du dernier dipl\u00f4me obtenu ainsi qu\u2019une copie des relev\u00e9s de notes, et la certification du niveau de langue.<br>Les candidats pr\u00e9s\u00e9lectionn\u00e9s sont ensuite convi\u00e9s \u00e0 une \u00e9preuve \u00e9crite (QCM), au cours de laquelle sont appr\u00e9ci\u00e9s leurs acquis scientifiques.<\/p>\n","protected":false},"excerpt":{"rendered":"<p>Qui peut postuler ? Les \u00e9tudiants ayant les dipl\u00f4mes suivants sont pris de droit en M1(\u00c9preuve d\u2019admission sur dossier en cas de d\u00e9passement de la capacit\u00e9 d\u2019accueil.)o Licence Informatiqueo Licence de Physiqueo Licence de Chimie o Admission de droit en M2 pour les \u00e9tudiants titulaires du M1 de la mention.o Admission sur dossier en M2 [&hellip;]<\/p>\n","protected":false},"author":4,"featured_media":0,"parent":0,"menu_order":0,"comment_status":"closed","ping_status":"closed","template":"","meta":{"footnotes":""},"class_list":["post-125","page","type-page","status-publish","hentry"],"_links":{"self":[{"href":"https:\/\/mspp.fresnel.fr\/index.php\/wp-json\/wp\/v2\/pages\/125","targetHints":{"allow":["GET"]}}],"collection":[{"href":"https:\/\/mspp.fresnel.fr\/index.php\/wp-json\/wp\/v2\/pages"}],"about":[{"href":"https:\/\/mspp.fresnel.fr\/index.php\/wp-json\/wp\/v2\/types\/page"}],"author":[{"embeddable":true,"href":"https:\/\/mspp.fresnel.fr\/index.php\/wp-json\/wp\/v2\/users\/4"}],"replies":[{"embeddable":true,"href":"https:\/\/mspp.fresnel.fr\/index.php\/wp-json\/wp\/v2\/comments?post=125"}],"version-history":[{"count":2,"href":"https:\/\/mspp.fresnel.fr\/index.php\/wp-json\/wp\/v2\/pages\/125\/revisions"}],"predecessor-version":[{"id":151,"href":"https:\/\/mspp.fresnel.fr\/index.php\/wp-json\/wp\/v2\/pages\/125\/revisions\/151"}],"wp:attachment":[{"href":"https:\/\/mspp.fresnel.fr\/index.php\/wp-json\/wp\/v2\/media?parent=125"}],"curies":[{"name":"wp","href":"https:\/\/api.w.org\/{rel}","templated":true}]}}