{"id":129,"date":"2026-04-02T15:13:31","date_gmt":"2026-04-02T13:13:31","guid":{"rendered":"https:\/\/mspp.fresnel.fr\/?page_id=129"},"modified":"2026-04-02T17:02:34","modified_gmt":"2026-04-02T15:02:34","slug":"contacts","status":"publish","type":"page","link":"https:\/\/mspp.fresnel.fr\/index.php\/contacts\/","title":{"rendered":"Contacts"},"content":{"rendered":"\n<p>Contacts principaux&nbsp;:<\/p>\n\n\n\n<p>Bira S\u00e9rign\u00e9 Gueye (UCAD) <a href=\"mailto:bira.gueye@ucad.edu.sn\">bira.gueye@ucad.edu.sn<\/a><br>Fr\u00e9d\u00e9ric Zolla (AMU) <a href=\"mailto:frederic.zolla@fresnel.fr\">frederic.zolla@fresnel.fr<\/a><\/p>\n","protected":false},"excerpt":{"rendered":"<p>Contacts principaux&nbsp;: Bira S\u00e9rign\u00e9 Gueye (UCAD) bira.gueye@ucad.edu.snFr\u00e9d\u00e9ric Zolla (AMU) frederic.zolla@fresnel.fr<\/p>\n","protected":false},"author":4,"featured_media":0,"parent":0,"menu_order":0,"comment_status":"closed","ping_status":"closed","template":"","meta":{"footnotes":""},"class_list":["post-129","page","type-page","status-publish","hentry"],"_links":{"self":[{"href":"https:\/\/mspp.fresnel.fr\/index.php\/wp-json\/wp\/v2\/pages\/129","targetHints":{"allow":["GET"]}}],"collection":[{"href":"https:\/\/mspp.fresnel.fr\/index.php\/wp-json\/wp\/v2\/pages"}],"about":[{"href":"https:\/\/mspp.fresnel.fr\/index.php\/wp-json\/wp\/v2\/types\/page"}],"author":[{"embeddable":true,"href":"https:\/\/mspp.fresnel.fr\/index.php\/wp-json\/wp\/v2\/users\/4"}],"replies":[{"embeddable":true,"href":"https:\/\/mspp.fresnel.fr\/index.php\/wp-json\/wp\/v2\/comments?post=129"}],"version-history":[{"count":2,"href":"https:\/\/mspp.fresnel.fr\/index.php\/wp-json\/wp\/v2\/pages\/129\/revisions"}],"predecessor-version":[{"id":158,"href":"https:\/\/mspp.fresnel.fr\/index.php\/wp-json\/wp\/v2\/pages\/129\/revisions\/158"}],"wp:attachment":[{"href":"https:\/\/mspp.fresnel.fr\/index.php\/wp-json\/wp\/v2\/media?parent=129"}],"curies":[{"name":"wp","href":"https:\/\/api.w.org\/{rel}","templated":true}]}}