{"id":13,"date":"2025-09-25T14:51:40","date_gmt":"2025-09-25T12:51:40","guid":{"rendered":"http:\/\/mspp.fresnel.fr\/?page_id=13"},"modified":"2026-04-02T16:58:53","modified_gmt":"2026-04-02T14:58:53","slug":"accueil","status":"publish","type":"page","link":"https:\/\/mspp.fresnel.fr\/index.php\/accueil\/","title":{"rendered":"Accueil Master MSPP"},"content":{"rendered":"\n<div class=\"wp-block-cover alignfull is-light has-custom-content-position is-position-top-center has-accent-1-color has-text-color has-link-color wp-elements-67b562e5909bb5be419288ec792ca848\" style=\"margin-top:0;margin-bottom:0;padding-top:200px;padding-right:var(--wp--preset--spacing--50);padding-bottom:200px;padding-left:var(--wp--preset--spacing--50);min-height:1128px;aspect-ratio:unset;\"><img loading=\"lazy\" decoding=\"async\" width=\"1024\" height=\"1022\" class=\"wp-block-cover__image-background wp-image-18 size-large\" alt=\"\" src=\"https:\/\/mspp.fresnel.fr\/wp-content\/uploads\/2025\/09\/logo-MSPP-1024x1022.jpg\" data-object-fit=\"cover\" srcset=\"https:\/\/mspp.fresnel.fr\/wp-content\/uploads\/2025\/09\/logo-MSPP-1024x1022.jpg 1024w, https:\/\/mspp.fresnel.fr\/wp-content\/uploads\/2025\/09\/logo-MSPP-300x300.jpg 300w, https:\/\/mspp.fresnel.fr\/wp-content\/uploads\/2025\/09\/logo-MSPP-150x150.jpg 150w, https:\/\/mspp.fresnel.fr\/wp-content\/uploads\/2025\/09\/logo-MSPP-768x767.jpg 768w, https:\/\/mspp.fresnel.fr\/wp-content\/uploads\/2025\/09\/logo-MSPP.jpg 1320w\" sizes=\"auto, (max-width: 1024px) 100vw, 1024px\" \/><span aria-hidden=\"true\" class=\"wp-block-cover__background has-background-dim-10 has-background-dim\" style=\"background-color:#eef2f6\"><\/span><div class=\"wp-block-cover__inner-container has-global-padding is-layout-constrained wp-container-core-cover-is-layout-d47c59a2 wp-block-cover-is-layout-constrained\">\n<div class=\"wp-block-group is-vertical is-content-justification-center is-layout-flex wp-container-core-group-is-layout-ce155fab wp-block-group-is-layout-flex\">\n<p>Le <strong>Master des Syst\u00e8mes et Ph\u00e9nom\u00e8nes Physiques<\/strong> (MSPP) de l\u2019<strong>Universit\u00e9 Cheikh Anta Diop<\/strong> (UCAD) s\u2019inscrit dans le prolongement d\u2019une coop\u00e9ration historique avec <strong>Aix-Marseille Universit\u00e9<\/strong> (AMU), les deux plus grandes universit\u00e9s francophones du monde.<br>Cette formation <strong>pluridisciplinaire<\/strong>, int\u00e9grant la mobilit\u00e9 des \u00e9tudiants et des enseignants, vise \u00e0 former des sp\u00e9cialistes de la <strong>mod\u00e9lisation<\/strong> scientifique.<br>Elle repose sur une \u00e9quipe p\u00e9dagogique issue de domaines vari\u00e9s \u2014 physique, chimie, \u00e9conom\u00e9trie \u2014 pour r\u00e9pondre aux enjeux technologiques contemporains. L\u2019\u00e9quipe p\u00e9dagogique est <strong>form\u00e9e d\u2019enseignants-chercheurs des deux universit\u00e9s partenaires<\/strong>.<\/p>\n<\/div>\n\n\n\n<h3 class=\"wp-block-heading has-text-align-center has-xx-large-font-size\">Le Master MSPP<\/h3>\n\n\n\n<div class=\"wp-block-buttons is-content-justification-center is-layout-flex wp-container-core-buttons-is-layout-a89b3969 wp-block-buttons-is-layout-flex\">\n<div class=\"wp-block-button has-custom-width wp-block-button__width-100 is-style-outline is-style-outline--1\"><a class=\"wp-block-button__link has-contrast-color has-text-color has-link-color wp-element-button\" href=\"https:\/\/mspp.fresnel.fr\/index.php\/programme\" style=\"border-width:1px;border-radius:10px\">Programme<\/a><\/div>\n\n\n\n<div class=\"wp-block-button has-custom-width wp-block-button__width-100 is-style-outline is-style-outline--2\"><a class=\"wp-block-button__link has-contrast-color has-text-color has-link-color wp-element-button\" href=\"https:\/\/mspp.fresnel.fr\/index.php\/modalites\" style=\"border-width:1px;border-radius:10px\">Modalit\u00e9 d&rsquo;enseignement<\/a><\/div>\n\n\n\n<div class=\"wp-block-button has-custom-width wp-block-button__width-100 is-style-outline is-style-outline--3\"><a class=\"wp-block-button__link has-contrast-color has-text-color has-link-color wp-element-button\" href=\"http:\/\/mspphttps:\/\/mspp.fresnel.fr\/selection\" style=\"border-width:1px;border-radius:10px\">Processus de s\u00e9lection<\/a><\/div>\n\n\n\n<div class=\"wp-block-button has-custom-width wp-block-button__width-100 is-style-outline is-style-outline--4\"><a class=\"wp-block-button__link has-contrast-color has-text-color has-link-color wp-element-button\" href=\"https:\/\/mspp.fresnel.fr\/index.php\/frais\" style=\"border-width:1px;border-radius:10px\">Frais d&rsquo;inscription<\/a><\/div>\n\n\n\n<div class=\"wp-block-button has-custom-width wp-block-button__width-100 is-style-outline is-style-outline--5\"><a class=\"wp-block-button__link has-contrast-color has-text-color has-link-color wp-element-button\" href=\"https:\/\/mspp.fresnel.fr\/index.php\/stages-et-bourses\/\" style=\"border-width:1px;border-radius:10px\">Stages et Bourses<\/a><\/div>\n\n\n\n<div class=\"wp-block-button has-custom-width wp-block-button__width-100 is-style-outline is-style-outline--6\"><a class=\"wp-block-button__link has-contrast-color has-text-color has-link-color wp-element-button\" href=\"https:\/\/mspp.fresnel.fr\/index.php\/contact\/\" style=\"border-width:1px;border-radius:10px\">Contact<\/a><\/div>\n<\/div>\n<\/div><\/div>\n\n\n\n<figure class=\"wp-block-image size-full\"><a href=\"https:\/\/www.ucad.sn\/\"><img loading=\"lazy\" decoding=\"async\" width=\"280\" height=\"100\" src=\"https:\/\/mspp.fresnel.fr\/wp-content\/uploads\/2025\/09\/logo_UCAD.jpg\" alt=\"\" class=\"wp-image-27\"\/><\/a><\/figure>\n\n\n\n<h2 class=\"wp-block-heading\"><a href=\"https:\/\/www.ucad.sn\/\">UCAD<\/a><\/h2>\n\n\n\n<p><\/p>\n","protected":false},"excerpt":{"rendered":"<p>UCAD<\/p>\n","protected":false},"author":1,"featured_media":0,"parent":0,"menu_order":0,"comment_status":"closed","ping_status":"closed","template":"","meta":{"footnotes":""},"class_list":["post-13","page","type-page","status-publish","hentry"],"_links":{"self":[{"href":"https:\/\/mspp.fresnel.fr\/index.php\/wp-json\/wp\/v2\/pages\/13","targetHints":{"allow":["GET"]}}],"collection":[{"href":"https:\/\/mspp.fresnel.fr\/index.php\/wp-json\/wp\/v2\/pages"}],"about":[{"href":"https:\/\/mspp.fresnel.fr\/index.php\/wp-json\/wp\/v2\/types\/page"}],"author":[{"embeddable":true,"href":"https:\/\/mspp.fresnel.fr\/index.php\/wp-json\/wp\/v2\/users\/1"}],"replies":[{"embeddable":true,"href":"https:\/\/mspp.fresnel.fr\/index.php\/wp-json\/wp\/v2\/comments?post=13"}],"version-history":[{"count":10,"href":"https:\/\/mspp.fresnel.fr\/index.php\/wp-json\/wp\/v2\/pages\/13\/revisions"}],"predecessor-version":[{"id":156,"href":"https:\/\/mspp.fresnel.fr\/index.php\/wp-json\/wp\/v2\/pages\/13\/revisions\/156"}],"wp:attachment":[{"href":"https:\/\/mspp.fresnel.fr\/index.php\/wp-json\/wp\/v2\/media?parent=13"}],"curies":[{"name":"wp","href":"https:\/\/api.w.org\/{rel}","templated":true}]}}