{"id":136,"date":"2026-04-02T15:22:37","date_gmt":"2026-04-02T13:22:37","guid":{"rendered":"https:\/\/mspp.fresnel.fr\/?page_id=136"},"modified":"2026-04-02T16:59:38","modified_gmt":"2026-04-02T14:59:38","slug":"stages-et-bourses","status":"publish","type":"page","link":"https:\/\/mspp.fresnel.fr\/index.php\/stages-et-bourses\/","title":{"rendered":"Stages et bourses"},"content":{"rendered":"\n<p>Le Master des Syst\u00e8mes et Ph\u00e9nom\u00e8nes Physiques (MSPP) accorde une place centrale aux stages. Plusieurs modalit\u00e9s de stage sont propos\u00e9es afin de s\u2019adapter aux projets des \u00e9tudiants et \u00e0 la diversit\u00e9 des partenariats.<\/p>\n\n\n\n<ul class=\"wp-block-list\">\n<li>Stage \u00e0 l\u2019UCAD, encadr\u00e9 par un enseignant-chercheur de l\u2019UCAD ;<\/li>\n\n\n\n<li>Stage \u00e0 l\u2019UCAD avec encadrement \u00e0 distance, assur\u00e9 par un enseignant-chercheur d\u2019AMU, dans une logique de co-encadrement international ;<\/li>\n\n\n\n<li>Les meilleurs \u00e9tudiants peuvent pr\u00e9tendre \u00e0 une bourse de mobilit\u00e9, leur permettant d\u2019effectuer leur stage en France, au sein d\u2019un laboratoire acad\u00e9mique ou d\u2019une structure partenaire\u00a0;<\/li>\n\n\n\n<li>Enfin, le master encourage \u00e9galement la r\u00e9alisation de stages en entreprise, favorisant l\u2019insertion professionnelle et le d\u00e9veloppement de comp\u00e9tences appliqu\u00e9es en lien avec les secteurs socio-\u00e9conomiques.<\/li>\n<\/ul>\n","protected":false},"excerpt":{"rendered":"<p>Le Master des Syst\u00e8mes et Ph\u00e9nom\u00e8nes Physiques (MSPP) accorde une place centrale aux stages. Plusieurs modalit\u00e9s de stage sont propos\u00e9es afin de s\u2019adapter aux projets des \u00e9tudiants et \u00e0 la diversit\u00e9 des partenariats.<\/p>\n","protected":false},"author":4,"featured_media":0,"parent":0,"menu_order":0,"comment_status":"closed","ping_status":"closed","template":"","meta":{"footnotes":""},"class_list":["post-136","page","type-page","status-publish","hentry"],"_links":{"self":[{"href":"https:\/\/mspp.fresnel.fr\/index.php\/wp-json\/wp\/v2\/pages\/136","targetHints":{"allow":["GET"]}}],"collection":[{"href":"https:\/\/mspp.fresnel.fr\/index.php\/wp-json\/wp\/v2\/pages"}],"about":[{"href":"https:\/\/mspp.fresnel.fr\/index.php\/wp-json\/wp\/v2\/types\/page"}],"author":[{"embeddable":true,"href":"https:\/\/mspp.fresnel.fr\/index.php\/wp-json\/wp\/v2\/users\/4"}],"replies":[{"embeddable":true,"href":"https:\/\/mspp.fresnel.fr\/index.php\/wp-json\/wp\/v2\/comments?post=136"}],"version-history":[{"count":2,"href":"https:\/\/mspp.fresnel.fr\/index.php\/wp-json\/wp\/v2\/pages\/136\/revisions"}],"predecessor-version":[{"id":157,"href":"https:\/\/mspp.fresnel.fr\/index.php\/wp-json\/wp\/v2\/pages\/136\/revisions\/157"}],"wp:attachment":[{"href":"https:\/\/mspp.fresnel.fr\/index.php\/wp-json\/wp\/v2\/media?parent=136"}],"curies":[{"name":"wp","href":"https:\/\/api.w.org\/{rel}","templated":true}]}}