{"id":143,"date":"2026-04-02T15:43:33","date_gmt":"2026-04-02T13:43:33","guid":{"rendered":"https:\/\/mspp.fresnel.fr\/?page_id=143"},"modified":"2026-04-02T16:56:23","modified_gmt":"2026-04-02T14:56:23","slug":"programme","status":"publish","type":"page","link":"https:\/\/mspp.fresnel.fr\/index.php\/programme\/","title":{"rendered":"Programme"},"content":{"rendered":"\n<p><\/p>\n\n\n\n<ul class=\"wp-block-list\">\n<li><strong>Semestre 1<\/strong><\/li>\n<\/ul>\n\n\n\n<ul class=\"wp-block-list\">\n<li>UE 1\u00a0: Physique 1<\/li>\n\n\n\n<li>UE 2\u00a0: M\u00e9thodes Num\u00e9riques et Mod\u00e9lisation 1<\/li>\n\n\n\n<li>UE 3 : Bases de la Mod\u00e9lisation 1<\/li>\n\n\n\n<li>UE 4\u00a0: Outils Num\u00e9riques et Mod\u00e9lisation<\/li>\n\n\n\n<li>UE 5\u00a0: Outils de comp\u00e9tences compl\u00e9mentaires 1<\/li>\n<\/ul>\n\n\n\n<ul class=\"wp-block-list\">\n<li><strong>Semestre 2<\/strong><\/li>\n<\/ul>\n\n\n\n<ul class=\"wp-block-list\">\n<li>UE 1\u00a0: Physique 2<\/li>\n\n\n\n<li>UE 2\u00a0: M\u00e9thodes Num\u00e9riques et Mod\u00e9lisation 2<\/li>\n\n\n\n<li>UE 3 : Bases de la Mod\u00e9lisation 2<\/li>\n\n\n\n<li>UE 4\u00a0: Syst\u00e8mes intelligents et Donn\u00e9es<\/li>\n\n\n\n<li>UE 5\u00a0: Outils de comp\u00e9tences compl\u00e9mentaires 2<\/li>\n<\/ul>\n\n\n\n<ul class=\"wp-block-list\">\n<li><strong>Semestre 3<\/strong> (Option\u00a0: Mod\u00e9lisation de <strong>Syst\u00e8mes et Ph\u00e9nom\u00e8nes Physiques<\/strong>)<\/li>\n<\/ul>\n\n\n\n<ul class=\"wp-block-list\">\n<li>UE 1\u00a0: Mod\u00e9lisation en \u00c9lectromagn\u00e9tisme et Photonique<\/li>\n\n\n\n<li>UE 2\u00a0: Mod\u00e9lisation en Milieux continus<\/li>\n\n\n\n<li>UE 3 : Mod\u00e9lisation en M\u00e9canique Quantique et Physique Statistique<\/li>\n\n\n\n<li>UE 4\u00a0: Projet tuteur\u00e9 de Mod\u00e9lisation<\/li>\n\n\n\n<li>UE 5\u00a0: Outils de comp\u00e9tences compl\u00e9mentaires 3<\/li>\n<\/ul>\n\n\n\n<ul class=\"wp-block-list\">\n<li><strong>Semestre 3 <\/strong>(Option\u00a0: Mod\u00e9lisation en <strong>G\u00e9oscience et Environnement<\/strong>)<\/li>\n<\/ul>\n\n\n\n<ul class=\"wp-block-list\">\n<li>UE 1\u00a0: Mod\u00e9lisation en G\u00e9ologie<\/li>\n\n\n\n<li>UE 2\u00a0: Mod\u00e9lisation en T\u00e9l\u00e9d\u00e9tection et M\u00e9t\u00e9orologie<\/li>\n\n\n\n<li>UE 3 : Mod\u00e9lisation en \u00c9cologie<\/li>\n\n\n\n<li>UE 4\u00a0: Projet tuteur\u00e9 de Mod\u00e9lisation<\/li>\n\n\n\n<li>UE 5\u00a0: Outils de comp\u00e9tences compl\u00e9mentaires 3<\/li>\n<\/ul>\n\n\n\n<ul class=\"wp-block-list\">\n<li><strong>Semestre 3<\/strong> (Option\u00a0: Mod\u00e9lisation en<strong> Biologie et Sant\u00e9<\/strong>)<\/li>\n<\/ul>\n\n\n\n<ul class=\"wp-block-list\">\n<li>UE 1\u00a0: Mod\u00e9lisation en Biologie Animale<\/li>\n\n\n\n<li>UE 2\u00a0: Mod\u00e9lisation en Biologie V\u00e9g\u00e9tale<\/li>\n\n\n\n<li>UE 3 : Mod\u00e9lisation en Biophysique et Sant\u00e9<\/li>\n\n\n\n<li>UE 4\u00a0: Projet tuteur\u00e9 de Mod\u00e9lisation<\/li>\n\n\n\n<li>UE 5\u00a0: Outils de comp\u00e9tences compl\u00e9mentaires 3<\/li>\n<\/ul>\n\n\n\n<ul class=\"wp-block-list\">\n<li><strong>Semestre 3<\/strong> (Option\u00a0: Mod\u00e9lisation en <strong>Chimie et Mat\u00e9riaux<\/strong>)<\/li>\n<\/ul>\n\n\n\n<ul class=\"wp-block-list\">\n<li>UE 1\u00a0: Mod\u00e9lisation en Chimie<\/li>\n\n\n\n<li>UE 2\u00a0: Mod\u00e9lisation en Sciences des Mat\u00e9riaux<\/li>\n\n\n\n<li>UE 3 : Mod\u00e9lisation en \u00c9nergies renouvelables<\/li>\n\n\n\n<li>UE 4\u00a0: Projet tuteur\u00e9 de Mod\u00e9lisation<\/li>\n\n\n\n<li>UE 5\u00a0: Outils de comp\u00e9tences compl\u00e9mentaires 3<\/li>\n<\/ul>\n\n\n\n<ul class=\"wp-block-list\">\n<li>Semestre 4 (Option\u00a0: toutes options)<\/li>\n<\/ul>\n\n\n\n<ul class=\"wp-block-list\">\n<li>M\u00e9moire de Master<\/li>\n<\/ul>\n","protected":false},"excerpt":{"rendered":"","protected":false},"author":4,"featured_media":0,"parent":0,"menu_order":0,"comment_status":"closed","ping_status":"closed","template":"","meta":{"footnotes":""},"class_list":["post-143","page","type-page","status-publish","hentry"],"_links":{"self":[{"href":"https:\/\/mspp.fresnel.fr\/index.php\/wp-json\/wp\/v2\/pages\/143","targetHints":{"allow":["GET"]}}],"collection":[{"href":"https:\/\/mspp.fresnel.fr\/index.php\/wp-json\/wp\/v2\/pages"}],"about":[{"href":"https:\/\/mspp.fresnel.fr\/index.php\/wp-json\/wp\/v2\/types\/page"}],"author":[{"embeddable":true,"href":"https:\/\/mspp.fresnel.fr\/index.php\/wp-json\/wp\/v2\/users\/4"}],"replies":[{"embeddable":true,"href":"https:\/\/mspp.fresnel.fr\/index.php\/wp-json\/wp\/v2\/comments?post=143"}],"version-history":[{"count":2,"href":"https:\/\/mspp.fresnel.fr\/index.php\/wp-json\/wp\/v2\/pages\/143\/revisions"}],"predecessor-version":[{"id":153,"href":"https:\/\/mspp.fresnel.fr\/index.php\/wp-json\/wp\/v2\/pages\/143\/revisions\/153"}],"wp:attachment":[{"href":"https:\/\/mspp.fresnel.fr\/index.php\/wp-json\/wp\/v2\/media?parent=143"}],"curies":[{"name":"wp","href":"https:\/\/api.w.org\/{rel}","templated":true}]}}